{"id":95,"date":"2023-05-30T13:39:10","date_gmt":"2023-05-30T13:39:10","guid":{"rendered":"https:\/\/bestteam.pt\/?page_id=95"},"modified":"2023-06-15T15:47:43","modified_gmt":"2023-06-15T15:47:43","slug":"orgaos-sociais","status":"publish","type":"page","link":"https:\/\/bestteam.pt\/index.php\/orgaos-sociais\/","title":{"rendered":"Org\u00e3os Sociais"},"content":{"rendered":"\n<h2 class=\"wp-block-heading\"><mark style=\"background-color:rgba(0, 0, 0, 0);color:#90d7ed\" class=\"has-inline-color\">Org\u00e3os Sociais<\/mark><\/h2>\n\n\n\n<h2 class=\"wp-block-heading has-text-align-center\"><mark style=\"background-color:rgba(0, 0, 0, 0);color:#90d7ed\" class=\"has-inline-color\">Dire\u00e7\u00e3o geral<\/mark><\/h2>\n\n\n\n<div class=\"wp-block-columns is-layout-flex wp-container-core-columns-is-layout-9d6595d7 wp-block-columns-is-layout-flex\">\n<div class=\"wp-block-column is-layout-flow wp-block-column-is-layout-flow\">\n<figure class=\"wp-block-image size-full is-resized\"><img loading=\"lazy\" decoding=\"async\" src=\"https:\/\/bestteam.pt\/wp-content\/uploads\/2023\/06\/dir1.jpg-1.png\" alt=\"\" class=\"wp-image-605\" width=\"281\" height=\"283\" srcset=\"https:\/\/bestteam.pt\/wp-content\/uploads\/2023\/06\/dir1.jpg-1.png 301w, https:\/\/bestteam.pt\/wp-content\/uploads\/2023\/06\/dir1.jpg-1-297x300.png 297w, https:\/\/bestteam.pt\/wp-content\/uploads\/2023\/06\/dir1.jpg-1-150x150.png 150w\" sizes=\"auto, (max-width: 281px) 100vw, 281px\" \/><\/figure>\n\n\n\n<h3><p style=\"line-height: 0.1;\"><font color=\"#90D7ED\">Jos\u00e9 Batalha  <\/font><\/p><\/h3>\n<h5><p style=\"line-height: 0.1;\"><font color=\"#000000\">Presidente <\/font><\/p><\/h5>\n<\/div>\n\n\n\n<div class=\"wp-block-column is-layout-flow wp-block-column-is-layout-flow\">\n<figure class=\"wp-block-image size-full is-resized\"><img loading=\"lazy\" decoding=\"async\" src=\"https:\/\/bestteam.pt\/wp-content\/uploads\/2023\/06\/dir3.jpg-2.png\" alt=\"\" class=\"wp-image-606\" width=\"247\" height=\"283\" srcset=\"https:\/\/bestteam.pt\/wp-content\/uploads\/2023\/06\/dir3.jpg-2.png 305w, https:\/\/bestteam.pt\/wp-content\/uploads\/2023\/06\/dir3.jpg-2-261x300.png 261w\" sizes=\"auto, (max-width: 247px) 100vw, 247px\" \/><\/figure>\n\n\n\n<h3><p style=\"line-height: 0.1;\"><font color=\"#90D7ED\">Lu\u00eds Pereira  <\/font><\/p><\/h3>\n<h5><p style=\"line-height: 0.1;\"><font color=\"#000000\">Vogal <\/font><\/p><\/h5>\n<\/div>\n\n\n\n<div class=\"wp-block-column is-layout-flow wp-block-column-is-layout-flow\">\n<figure class=\"wp-block-image size-full is-resized\"><img loading=\"lazy\" decoding=\"async\" src=\"https:\/\/bestteam.pt\/wp-content\/uploads\/2023\/06\/dir2-2.jpg\" alt=\"\" class=\"wp-image-607\" width=\"284\" height=\"284\" srcset=\"https:\/\/bestteam.pt\/wp-content\/uploads\/2023\/06\/dir2-2.jpg 557w, https:\/\/bestteam.pt\/wp-content\/uploads\/2023\/06\/dir2-2-300x300.jpg 300w, https:\/\/bestteam.pt\/wp-content\/uploads\/2023\/06\/dir2-2-150x150.jpg 150w\" sizes=\"auto, (max-width: 284px) 100vw, 284px\" \/><\/figure>\n\n\n\n<h3><p style=\"line-height: 0.1;\"><font color=\"#90D7ED\">Rui Dias <\/font><\/p><\/h3>\n<h5><p style=\"line-height: 0.1;\"><font color=\"#000000\">Tesoureiro <\/font><\/p><\/h5>\n<\/div>\n<\/div>\n\n\n\n<h2 class=\"wp-block-heading has-text-align-center\"><mark style=\"background-color:rgba(0, 0, 0, 0);color:#90d7ed\" class=\"has-inline-color\">Conselho Fiscal<\/mark><\/h2>\n\n\n\n<div class=\"wp-block-columns is-layout-flex wp-container-core-columns-is-layout-9d6595d7 wp-block-columns-is-layout-flex\">\n<div class=\"wp-block-column is-layout-flow wp-block-column-is-layout-flow\">\n<figure class=\"wp-block-image size-full is-resized\"><img loading=\"lazy\" decoding=\"async\" src=\"https:\/\/bestteam.pt\/wp-content\/uploads\/2023\/06\/cf1.jpg-1.png\" alt=\"\" class=\"wp-image-608\" width=\"279\" height=\"276\"\/><\/figure>\n\n\n\n<h3><p style=\"line-height: 0.1;\"><font color=\"#90D7ED\">Ana Batalha <\/font><\/p><\/h3>\n<h5><p style=\"line-height: 0.1;\"><font color=\"#000000\">Presidente <\/font><\/p><\/h5>\n<\/div>\n\n\n\n<div class=\"wp-block-column is-layout-flow wp-block-column-is-layout-flow\">\n<figure class=\"wp-block-image size-full is-resized\"><img loading=\"lazy\" decoding=\"async\" src=\"https:\/\/bestteam.pt\/wp-content\/uploads\/2023\/06\/cf2.jpg-1.png\" alt=\"\" class=\"wp-image-609\" width=\"260\" height=\"277\" srcset=\"https:\/\/bestteam.pt\/wp-content\/uploads\/2023\/06\/cf2.jpg-1.png 304w, https:\/\/bestteam.pt\/wp-content\/uploads\/2023\/06\/cf2.jpg-1-281x300.png 281w\" sizes=\"auto, (max-width: 260px) 100vw, 260px\" \/><\/figure>\n\n\n\n<h3><p style=\"line-height: 0.1;\"><font color=\"#90D7ED\">Joaquim Quina <\/font><\/p><\/h3>\n<h5><p style=\"line-height: 0.1;\"><font color=\"#000000\">Secret\u00e1rio<\/font><\/p><\/h5>\n<\/div>\n\n\n\n<div class=\"wp-block-column is-layout-flow wp-block-column-is-layout-flow\">\n<figure class=\"wp-block-image size-full is-resized\"><img loading=\"lazy\" decoding=\"async\" src=\"https:\/\/bestteam.pt\/wp-content\/uploads\/2023\/06\/cf3.jpg-1.png\" alt=\"\" class=\"wp-image-610\" width=\"261\" height=\"277\" srcset=\"https:\/\/bestteam.pt\/wp-content\/uploads\/2023\/06\/cf3.jpg-1.png 305w, https:\/\/bestteam.pt\/wp-content\/uploads\/2023\/06\/cf3.jpg-1-282x300.png 282w\" sizes=\"auto, (max-width: 261px) 100vw, 261px\" \/><\/figure>\n\n\n\n<h3><p style=\"line-height: 0.1;\"><font color=\"#90D7ED\">Joaquim Jos\u00e9 <\/font><\/p><\/h3>\n<h5><p style=\"line-height: 0.1;\"><font color=\"#000000\">Vogal<\/font><\/p><\/h5>\n<\/div>\n<\/div>\n\n\n\n<h2 class=\"wp-block-heading has-text-align-center\"><mark style=\"background-color:rgba(0, 0, 0, 0);color:#90d7ed\" class=\"has-inline-color\">Assembleia Geral<\/mark><\/h2>\n\n\n\n<div class=\"wp-block-columns is-layout-flex wp-container-core-columns-is-layout-9d6595d7 wp-block-columns-is-layout-flex\">\n<div class=\"wp-block-column is-layout-flow wp-block-column-is-layout-flow\">\n<figure class=\"wp-block-image size-full is-resized\"><img loading=\"lazy\" decoding=\"async\" src=\"https:\/\/bestteam.pt\/wp-content\/uploads\/2023\/06\/Ass1.jpg-1.png\" alt=\"\" class=\"wp-image-613\" width=\"279\" height=\"278\" srcset=\"https:\/\/bestteam.pt\/wp-content\/uploads\/2023\/06\/Ass1.jpg-1.png 320w, https:\/\/bestteam.pt\/wp-content\/uploads\/2023\/06\/Ass1.jpg-1-300x300.png 300w, https:\/\/bestteam.pt\/wp-content\/uploads\/2023\/06\/Ass1.jpg-1-150x150.png 150w\" sizes=\"auto, (max-width: 279px) 100vw, 279px\" \/><\/figure>\n\n\n\n<h3><p style=\"line-height: 0.1;\"><font color=\"#90D7ED\">Jos\u00e9 Calmeiro <\/font><\/p><\/h3>\n<h5><p style=\"line-height: 0.1;\"><font color=\"#000000\">Presidente <\/font><\/p><\/h5>\n<\/div>\n\n\n\n<div class=\"wp-block-column is-layout-flow wp-block-column-is-layout-flow\">\n<figure class=\"wp-block-image size-full is-resized\"><img loading=\"lazy\" decoding=\"async\" src=\"https:\/\/bestteam.pt\/wp-content\/uploads\/2023\/06\/ass2.jpg-1.png\" alt=\"\" class=\"wp-image-614\" width=\"255\" height=\"277\" srcset=\"https:\/\/bestteam.pt\/wp-content\/uploads\/2023\/06\/ass2.jpg-1.png 316w, https:\/\/bestteam.pt\/wp-content\/uploads\/2023\/06\/ass2.jpg-1-276x300.png 276w\" sizes=\"auto, (max-width: 255px) 100vw, 255px\" \/><\/figure>\n\n\n\n<h3><p style=\"line-height: 0.1;\"><font color=\"#90D7ED\">S\u00e9rgio Fernandes <\/font><\/p><\/h3>\n<h5><p style=\"line-height: 0.1;\"><font color=\"#000000\">1\u00ba Secret\u00e1rio<\/font><\/p><\/h5>\n<\/div>\n\n\n\n<div class=\"wp-block-column is-layout-flow wp-block-column-is-layout-flow\">\n<figure class=\"wp-block-image size-full is-resized\"><img loading=\"lazy\" decoding=\"async\" src=\"https:\/\/bestteam.pt\/wp-content\/uploads\/2023\/06\/ass3.jpg-1.png\" alt=\"\" class=\"wp-image-615\" width=\"284\" height=\"277\" srcset=\"https:\/\/bestteam.pt\/wp-content\/uploads\/2023\/06\/ass3.jpg-1.png 322w, https:\/\/bestteam.pt\/wp-content\/uploads\/2023\/06\/ass3.jpg-1-300x293.png 300w\" sizes=\"auto, (max-width: 284px) 100vw, 284px\" \/><\/figure>\n\n\n\n<h3><p style=\"line-height: 0.1;\"><font color=\"#90D7ED\">Paulo Gaspar <\/font><\/p><\/h3>\n<h5><p style=\"line-height: 0.1;\"><font color=\"#000000\">Vogal <\/font><\/p><\/h5>\n<\/div>\n<\/div>\n","protected":false},"excerpt":{"rendered":"<p>Org\u00e3os Sociais Dire\u00e7\u00e3o geral Jos\u00e9 Batalha Presidente Lu\u00eds Pereira Vogal Rui Dias Tesoureiro Conselho Fiscal Ana Batalha Presidente Joaquim Quina Secret\u00e1rio Joaquim Jos\u00e9 Vogal Assembleia&hellip;<\/p>\n","protected":false},"author":1,"featured_media":0,"parent":0,"menu_order":0,"comment_status":"closed","ping_status":"closed","template":"","meta":{"footnotes":""},"class_list":["post-95","page","type-page","status-publish","hentry"],"_links":{"self":[{"href":"https:\/\/bestteam.pt\/index.php\/wp-json\/wp\/v2\/pages\/95","targetHints":{"allow":["GET"]}}],"collection":[{"href":"https:\/\/bestteam.pt\/index.php\/wp-json\/wp\/v2\/pages"}],"about":[{"href":"https:\/\/bestteam.pt\/index.php\/wp-json\/wp\/v2\/types\/page"}],"author":[{"embeddable":true,"href":"https:\/\/bestteam.pt\/index.php\/wp-json\/wp\/v2\/users\/1"}],"replies":[{"embeddable":true,"href":"https:\/\/bestteam.pt\/index.php\/wp-json\/wp\/v2\/comments?post=95"}],"version-history":[{"count":8,"href":"https:\/\/bestteam.pt\/index.php\/wp-json\/wp\/v2\/pages\/95\/revisions"}],"predecessor-version":[{"id":618,"href":"https:\/\/bestteam.pt\/index.php\/wp-json\/wp\/v2\/pages\/95\/revisions\/618"}],"wp:attachment":[{"href":"https:\/\/bestteam.pt\/index.php\/wp-json\/wp\/v2\/media?parent=95"}],"curies":[{"name":"wp","href":"https:\/\/api.w.org\/{rel}","templated":true}]}}