{"id":85,"date":"2023-05-30T13:31:45","date_gmt":"2023-05-30T13:31:45","guid":{"rendered":"https:\/\/bestteam.pt\/?page_id=85"},"modified":"2023-07-11T08:32:26","modified_gmt":"2023-07-11T08:32:26","slug":"historia","status":"publish","type":"page","link":"https:\/\/bestteam.pt\/index.php\/historia\/","title":{"rendered":"Hist\u00f3ria"},"content":{"rendered":"\n<h2 class=\"wp-block-heading\"><mark style=\"background-color:rgba(0, 0, 0, 0);color:#90d7ed\" class=\"has-inline-color\">Hist\u00f3ria<\/mark><\/h2>\n\n\n\n<p>Foi num dia de ver\u00e3o, em 2014, que a ideia surgiu e o BesTTeam nasceu.<br>Fomos os felizes fundadores de uma ideia muito nossa e juntos demos as m\u00e3os para o fazer andar e crescer e ele cresceu! Tornou-se depressa num projeto com que muitos se identificavam e onde foram sempre bem-vindos.<br>Mas tudo tem um ciclo e o nosso chegou ao fim. \u00c9 altura de libertarmos o \u201cfilho\u201d que cri\u00e1mos e permitir-lhe conhecer novas orienta\u00e7\u00f5es. Cedemos assim o lugar a uma nova dire\u00e7\u00e3o, a partir de abril, desejando que tomem as melhores decis\u00f5es para que o BesTTeam continue a crescer.<br>Aproveitamos para agradecer a todos os amigos e companheiros do pedal que nos acompanharam nesta aventura e que sempre nos apoiaram. Agradecemos, igualmente, \u00e0&nbsp;<a rel=\"noreferrer noopener\" href=\"https:\/\/www.facebook.com\/uniaodasfreguesias?__cft__[0]=AZXdvLrqrJlLMQoWpi0EZpS_NdE2urbif7Lkomz_WYjkoc2pSkfdkVRMvmSQ4D3020X5_LJum9vkjmjpzJh-si9v6f9BQ95o0ODIr8EOUSWmR-lJBsZ4EIK3T2B6MXYe4-DP-8aAD-A-spHb2uufeQJEPRnXjuIt_6uIafSjRqLHl9PBOzurev_4-99ncx9nNqY&amp;__tn__=-]K*F\" target=\"_blank\">Freguesia de Santa Iria de Az\u00f3ia, S\u00e3o Jo\u00e3o da Talha e Bobadela<\/a>&nbsp;e ao&nbsp;<a rel=\"noreferrer noopener\" href=\"https:\/\/www.facebook.com\/MunicipiodeLoures\/?__cft__[0]=AZXdvLrqrJlLMQoWpi0EZpS_NdE2urbif7Lkomz_WYjkoc2pSkfdkVRMvmSQ4D3020X5_LJum9vkjmjpzJh-si9v6f9BQ95o0ODIr8EOUSWmR-lJBsZ4EIK3T2B6MXYe4-DP-8aAD-A-spHb2uufeQJEPRnXjuIt_6uIafSjRqLHl9PBOzurev_4-99ncx9nNqY&amp;__tn__=kK*F\" target=\"_blank\">Munic\u00edpio de Loures<\/a>&nbsp;pelo apoio e disponibilidade sempre demostrados, bem como, a todos os nossos patrocinadores.<br>Um agradecimento especial vai para a nossa fam\u00edlia que muitas vezes se viram privados da nossa companhia pelo tempo que dedic\u00e1mos a este projeto.<br>Quanto a n\u00f3s, continuaremos por c\u00e1 a defender e a &#8220;evangelizar&#8221; o uso da bicicleta em todos e em qualquer lugar. Sempre!<\/p>\n\n\n\n<figure class=\"wp-block-gallery has-nested-images columns-default is-cropped wp-block-gallery-1 is-layout-flex wp-block-gallery-is-layout-flex\">\n<figure class=\"wp-block-image size-large\"><img loading=\"lazy\" decoding=\"async\" width=\"488\" height=\"416\" data-id=\"57\" src=\"https:\/\/bestteam.pt\/wp-content\/uploads\/2023\/05\/FUNDADORES.webp\" alt=\"\" class=\"wp-image-57\" srcset=\"https:\/\/bestteam.pt\/wp-content\/uploads\/2023\/05\/FUNDADORES.webp 488w, https:\/\/bestteam.pt\/wp-content\/uploads\/2023\/05\/FUNDADORES-300x256.webp 300w\" sizes=\"auto, (max-width: 488px) 100vw, 488px\" \/><\/figure>\n\n\n\n<figure class=\"wp-block-image size-large\"><img loading=\"lazy\" decoding=\"async\" width=\"488\" height=\"416\" data-id=\"58\" src=\"https:\/\/bestteam.pt\/wp-content\/uploads\/2023\/05\/337893337_625008876121895_8245754181156264292_n.webp\" alt=\"\" class=\"wp-image-58\" srcset=\"https:\/\/bestteam.pt\/wp-content\/uploads\/2023\/05\/337893337_625008876121895_8245754181156264292_n.webp 488w, https:\/\/bestteam.pt\/wp-content\/uploads\/2023\/05\/337893337_625008876121895_8245754181156264292_n-300x256.webp 300w\" sizes=\"auto, (max-width: 488px) 100vw, 488px\" \/><\/figure>\n<\/figure>\n","protected":false},"excerpt":{"rendered":"<p>Hist\u00f3ria Foi num dia de ver\u00e3o, em 2014, que a ideia surgiu e o BesTTeam nasceu.Fomos os felizes fundadores de uma ideia muito nossa e&hellip;<\/p>\n","protected":false},"author":1,"featured_media":0,"parent":0,"menu_order":0,"comment_status":"closed","ping_status":"closed","template":"","meta":{"footnotes":""},"class_list":["post-85","page","type-page","status-publish","hentry"],"_links":{"self":[{"href":"https:\/\/bestteam.pt\/index.php\/wp-json\/wp\/v2\/pages\/85","targetHints":{"allow":["GET"]}}],"collection":[{"href":"https:\/\/bestteam.pt\/index.php\/wp-json\/wp\/v2\/pages"}],"about":[{"href":"https:\/\/bestteam.pt\/index.php\/wp-json\/wp\/v2\/types\/page"}],"author":[{"embeddable":true,"href":"https:\/\/bestteam.pt\/index.php\/wp-json\/wp\/v2\/users\/1"}],"replies":[{"embeddable":true,"href":"https:\/\/bestteam.pt\/index.php\/wp-json\/wp\/v2\/comments?post=85"}],"version-history":[{"count":2,"href":"https:\/\/bestteam.pt\/index.php\/wp-json\/wp\/v2\/pages\/85\/revisions"}],"predecessor-version":[{"id":519,"href":"https:\/\/bestteam.pt\/index.php\/wp-json\/wp\/v2\/pages\/85\/revisions\/519"}],"wp:attachment":[{"href":"https:\/\/bestteam.pt\/index.php\/wp-json\/wp\/v2\/media?parent=85"}],"curies":[{"name":"wp","href":"https:\/\/api.w.org\/{rel}","templated":true}]}}