{"id":78,"date":"2023-05-30T11:29:32","date_gmt":"2023-05-30T11:29:32","guid":{"rendered":"https:\/\/bestteam.pt\/?page_id=78"},"modified":"2023-07-11T13:30:55","modified_gmt":"2023-07-11T13:30:55","slug":"eventos","status":"publish","type":"page","link":"https:\/\/bestteam.pt\/index.php\/eventos\/","title":{"rendered":"Eventos"},"content":{"rendered":"\n<hr class=\"wp-block-separator alignfull has-alpha-channel-opacity\"\/>\n\n\n\n<h2 class=\"wp-block-heading has-text-align-center\"><mark style=\"background-color:rgba(0, 0, 0, 0);color:#90d7ed\" class=\"has-inline-color\">9\u00baAniversario da BesTTeam!<\/mark><\/h2>\n\n\n\n<div class=\"wp-block-media-text alignwide is-stacked-on-mobile\"><figure class=\"wp-block-media-text__media\"><img loading=\"lazy\" decoding=\"async\" width=\"1024\" height=\"768\" src=\"https:\/\/bestteam.pt\/wp-content\/uploads\/2023\/07\/aniversario-besttteam-1024x768.jpg\" alt=\"\" class=\"wp-image-668 size-full\" srcset=\"https:\/\/bestteam.pt\/wp-content\/uploads\/2023\/07\/aniversario-besttteam-1024x768.jpg 1024w, https:\/\/bestteam.pt\/wp-content\/uploads\/2023\/07\/aniversario-besttteam-300x225.jpg 300w, https:\/\/bestteam.pt\/wp-content\/uploads\/2023\/07\/aniversario-besttteam-768x576.jpg 768w, https:\/\/bestteam.pt\/wp-content\/uploads\/2023\/07\/aniversario-besttteam-1536x1152.jpg 1536w, https:\/\/bestteam.pt\/wp-content\/uploads\/2023\/07\/aniversario-besttteam.jpg 2000w\" sizes=\"auto, (max-width: 1024px) 100vw, 1024px\" \/><\/figure><div class=\"wp-block-media-text__content\">\n<p>Obrigada a todos os presentes neste anivers\u00e1rio.<\/p>\n\n\n\n<p>Espero que todos tenham gostado.<\/p>\n\n\n\n<p><a href=\"https:\/\/www.facebook.com\/de.baga.52?__cft__[0]=AZXrWZUZejVBJ11ROSKfNHOSVBNmbYHWo4j5a0z3oo88bEipjCZhbMm81OrakPr0mkcGdpnQXJPi0_HdnRl6Ly9ae1QaDF62BJcNPs-1UWVGgl88SK37ePI0DtspB56ac6E4tTzyE2n-yWipj7Q8tV5f5EhP7M6YDn_nxucCQ0QheGVeRh126M0qWheDv84chEA&amp;__tn__=-]K-R\">De Baga<\/a> obrigada, o bolo estava muito bom e muito giro.<\/p>\n\n\n\n<p><a href=\"https:\/\/www.facebook.com\/artedebemservir?__cft__[0]=AZXrWZUZejVBJ11ROSKfNHOSVBNmbYHWo4j5a0z3oo88bEipjCZhbMm81OrakPr0mkcGdpnQXJPi0_HdnRl6Ly9ae1QaDF62BJcNPs-1UWVGgl88SK37ePI0DtspB56ac6E4tTzyE2n-yWipj7Q8tV5f5EhP7M6YDn_nxucCQ0QheGVeRh126M0qWheDv84chEA&amp;__tn__=-]K-R\">Arte de Bem Servir<\/a> obrigada, pelo servi\u00e7o prestado, estava tudo muito bom.<\/p>\n\n\n\n<iframe loading=\"lazy\" src=\"https:\/\/www.facebook.com\/plugins\/video.php?height=322&#038;href=https%3A%2F%2Fwww.facebook.com%2FBestteamAventura%2Fvideos%2F944013023561250%2F&#038;show_text=false&#038;width=560&#038;t=0\" width=\"560\" height=\"322\" style=\"border:none;overflow:hidden\" scrolling=\"no\" frameborder=\"0\" allowfullscreen=\"true\" allow=\"autoplay; clipboard-write; encrypted-media; picture-in-picture; web-share\" allowFullScreen=\"true\"><\/iframe>\n<\/div><\/div>\n\n\n\n<hr class=\"wp-block-separator alignfull has-alpha-channel-opacity\"\/>\n\n\n\n<h2 class=\"wp-block-heading has-text-align-center\"><mark style=\"background-color:rgba(0, 0, 0, 0);color:#90d7ed\" class=\"has-inline-color\">Rota Vicentina<\/mark><\/h2>\n\n\n\n<div class=\"wp-block-media-text alignwide is-stacked-on-mobile\"><figure class=\"wp-block-media-text__media\"><img loading=\"lazy\" decoding=\"async\" width=\"767\" height=\"1024\" src=\"https:\/\/bestteam.pt\/wp-content\/uploads\/2023\/06\/Rota-Vicentina-2-767x1024.jpg\" alt=\"\" class=\"wp-image-558 size-full\" srcset=\"https:\/\/bestteam.pt\/wp-content\/uploads\/2023\/06\/Rota-Vicentina-2-767x1024.jpg 767w, https:\/\/bestteam.pt\/wp-content\/uploads\/2023\/06\/Rota-Vicentina-2-225x300.jpg 225w, https:\/\/bestteam.pt\/wp-content\/uploads\/2023\/06\/Rota-Vicentina-2-768x1025.jpg 768w, https:\/\/bestteam.pt\/wp-content\/uploads\/2023\/06\/Rota-Vicentina-2.jpg 1081w\" sizes=\"auto, (max-width: 767px) 100vw, 767px\" \/><\/figure><div class=\"wp-block-media-text__content\">\n<p class=\"has-text-align-center\"><strong>QUINTA-FEIRA, DIA 8 DE JUNHO DE 2023 \u00c0S 05:00<\/strong><\/p>\n\n\n\n<p class=\"has-text-align-center\">Boa tarde caros s\u00f3cios, estamos a organizar a &#8220;Rota Vicentina&#8221;<\/p>\n\n\n\n<ul class=\"wp-block-list\">\n<li>Data: 8 a 10 Junho;<\/li>\n\n\n\n<li>Valores a definir;<\/li>\n\n\n\n<li>Limite de participantes 25;<\/li>\n\n\n\n<li>Data limite de inscri\u00e7\u00e3o 30 de Abril;<\/li>\n\n\n\n<li>Data limite de pagamento at\u00e9 dia 15 de Maio<\/li>\n\n\n\n<li>Transporte at\u00e9 \u00e0 Comporta;<\/li>\n\n\n\n<li>Alimenta\u00e7\u00e3o para os 3 dias;<\/li>\n\n\n\n<li>Dormidas<\/li>\n\n\n\n<li>Transporte de regresso<\/li>\n<\/ul>\n\n\n\n<p class=\"has-text-align-center\">Assim que tiver mais informa\u00e7\u00f5es ser\u00e3o atribuidas<\/p>\n\n\n\n<figure class=\"wp-block-embed is-type-video is-provider-youtube wp-block-embed-youtube wp-embed-aspect-16-9 wp-has-aspect-ratio\"><div class=\"wp-block-embed__wrapper\">\n<iframe loading=\"lazy\" title=\"Rota Vicentina 2019\" width=\"843\" height=\"474\" src=\"https:\/\/www.youtube.com\/embed\/l4zfoJjum28?start=262&#038;feature=oembed\" frameborder=\"0\" allow=\"accelerometer; autoplay; clipboard-write; encrypted-media; gyroscope; picture-in-picture; web-share\" allowfullscreen><\/iframe>\n<\/div><\/figure>\n<\/div><\/div>\n\n\n\n<hr class=\"wp-block-separator alignfull has-alpha-channel-opacity\"\/>\n\n\n\n<h2 class=\"wp-block-heading has-text-align-center\"><mark style=\"background-color:rgba(0, 0, 0, 0);color:#90d7ed\" class=\"has-inline-color\">Dia Mundial da Bicicleta<\/mark><\/h2>\n\n\n\n<div class=\"wp-block-media-text alignwide is-stacked-on-mobile\"><figure class=\"wp-block-media-text__media\"><img loading=\"lazy\" decoding=\"async\" width=\"264\" height=\"324\" src=\"https:\/\/bestteam.pt\/wp-content\/uploads\/2023\/06\/noticia1.jpg.png\" alt=\"\" class=\"wp-image-444 size-full\" srcset=\"https:\/\/bestteam.pt\/wp-content\/uploads\/2023\/06\/noticia1.jpg.png 264w, https:\/\/bestteam.pt\/wp-content\/uploads\/2023\/06\/noticia1.jpg-244x300.png 244w\" sizes=\"auto, (max-width: 264px) 100vw, 264px\" \/><\/figure><div class=\"wp-block-media-text__content\">\n<p><\/p>\n\n\n\n<iframe loading=\"lazy\" src=\"https:\/\/www.facebook.com\/plugins\/post.php?href=https%3A%2F%2Fwww.facebook.com%2FBestteamAventura%2Fposts%2Fpfbid0jHhn7N6n7LfrFShejt9P6WeRKXXo6mHNc2AhEsJCMYrahGnZf8soMiyc4guF7iCYl&#038;show_text=true&#038;width=500\" width=\"500\" height=\"250\" style=\"border:none;overflow:hidden\" scrolling=\"no\" frameborder=\"0\" allowfullscreen=\"true\" allow=\"autoplay; clipboard-write; encrypted-media; picture-in-picture; web-share\"><\/iframe>\n<\/div><\/div>\n\n\n\n<hr class=\"wp-block-separator alignfull has-alpha-channel-opacity\"\/>\n\n\n\n<h2 class=\"wp-block-heading has-text-align-center\"><mark style=\"background-color:rgba(0, 0, 0, 0);color:#90d7ed\" class=\"has-inline-color\">Caminhada das gera\u00e7\u00f5es<\/mark><\/h2>\n\n\n\n<div class=\"wp-block-media-text alignwide is-stacked-on-mobile\"><figure class=\"wp-block-media-text__media\"><img loading=\"lazy\" decoding=\"async\" width=\"559\" height=\"749\" src=\"https:\/\/bestteam.pt\/wp-content\/uploads\/2023\/06\/noticia2.jpg\" alt=\"\" class=\"wp-image-451 size-full\" srcset=\"https:\/\/bestteam.pt\/wp-content\/uploads\/2023\/06\/noticia2.jpg 559w, https:\/\/bestteam.pt\/wp-content\/uploads\/2023\/06\/noticia2-224x300.jpg 224w\" sizes=\"auto, (max-width: 559px) 100vw, 559px\" \/><\/figure><div class=\"wp-block-media-text__content\">\n<p>A Junta de Freguesia em conjunto com as Associa\u00e7\u00f5es de Pais da AESIA organizou mais uma Caminhada das Gera\u00e7\u00f5es, contando esta j\u00e1 com 6 edi\u00e7\u00f5es. Trata-se de uma caminhada com ess\u00eancia solid\u00e1ria, promovendo tamb\u00e9m a atividade f\u00edsica, e com momentos de conv\u00edvio entre escolas e fam\u00edlias. Continuamos e continuaremos a apoiar as atividades na freguesia que promovem a inclus\u00e3o, a intergeracionalidade, bem-estar, cujos valores assentem no fortalecimento de la\u00e7os familiares, em comunidade, e multiculturais.<\/p>\n\n\n\n<iframe loading=\"lazy\" src=\"https:\/\/www.facebook.com\/plugins\/video.php?height=316&#038;href=https%3A%2F%2Fwww.facebook.com%2FBestteamAventura%2Fvideos%2F7115289295164582%2F&#038;show_text=false&#038;width=560&#038;t=0\" width=\"560\" height=\"316\" style=\"border:none;overflow:hidden\" scrolling=\"no\" frameborder=\"0\" allowfullscreen=\"true\" allow=\"autoplay; clipboard-write; encrypted-media; picture-in-picture; web-share\" allowFullScreen=\"true\"><\/iframe>\n<\/div><\/div>\n\n\n\n<hr class=\"wp-block-separator alignfull has-alpha-channel-opacity\"\/>\n","protected":false},"excerpt":{"rendered":"<p>9\u00baAniversario da BesTTeam! Obrigada a todos os presentes neste anivers\u00e1rio. Espero que todos tenham gostado. De Baga obrigada, o bolo estava muito bom e muito&hellip;<\/p>\n","protected":false},"author":1,"featured_media":0,"parent":0,"menu_order":0,"comment_status":"closed","ping_status":"closed","template":"","meta":{"footnotes":""},"class_list":["post-78","page","type-page","status-publish","hentry"],"_links":{"self":[{"href":"https:\/\/bestteam.pt\/index.php\/wp-json\/wp\/v2\/pages\/78","targetHints":{"allow":["GET"]}}],"collection":[{"href":"https:\/\/bestteam.pt\/index.php\/wp-json\/wp\/v2\/pages"}],"about":[{"href":"https:\/\/bestteam.pt\/index.php\/wp-json\/wp\/v2\/types\/page"}],"author":[{"embeddable":true,"href":"https:\/\/bestteam.pt\/index.php\/wp-json\/wp\/v2\/users\/1"}],"replies":[{"embeddable":true,"href":"https:\/\/bestteam.pt\/index.php\/wp-json\/wp\/v2\/comments?post=78"}],"version-history":[{"count":11,"href":"https:\/\/bestteam.pt\/index.php\/wp-json\/wp\/v2\/pages\/78\/revisions"}],"predecessor-version":[{"id":715,"href":"https:\/\/bestteam.pt\/index.php\/wp-json\/wp\/v2\/pages\/78\/revisions\/715"}],"wp:attachment":[{"href":"https:\/\/bestteam.pt\/index.php\/wp-json\/wp\/v2\/media?parent=78"}],"curies":[{"name":"wp","href":"https:\/\/api.w.org\/{rel}","templated":true}]}}