{"id":342,"date":"2023-06-02T15:15:53","date_gmt":"2023-06-02T15:15:53","guid":{"rendered":"https:\/\/bestteam.pt\/?page_id=342"},"modified":"2023-06-15T08:27:38","modified_gmt":"2023-06-15T08:27:38","slug":"noticia-3","status":"publish","type":"page","link":"https:\/\/bestteam.pt\/index.php\/noticia-3\/","title":{"rendered":"Noticia 3"},"content":{"rendered":"\n<h2 class=\"wp-block-heading has-text-align-center\"><mark style=\"background-color:rgba(0, 0, 0, 0);color:#90d7ed\" class=\"has-inline-color\">Rota Vicentina<\/mark><\/h2>\n\n\n\n<div class=\"wp-block-media-text alignwide is-stacked-on-mobile\" style=\"grid-template-columns:67% auto\"><figure class=\"wp-block-media-text__media\"><img loading=\"lazy\" decoding=\"async\" width=\"767\" height=\"1024\" src=\"https:\/\/bestteam.pt\/wp-content\/uploads\/2023\/06\/Rota-Vicentina-1.jpg\" alt=\"\" class=\"wp-image-470 size-full\" srcset=\"https:\/\/bestteam.pt\/wp-content\/uploads\/2023\/06\/Rota-Vicentina-1.jpg 767w, https:\/\/bestteam.pt\/wp-content\/uploads\/2023\/06\/Rota-Vicentina-1-225x300.jpg 225w\" sizes=\"auto, (max-width: 767px) 100vw, 767px\" \/><\/figure><div class=\"wp-block-media-text__content\">\n<p>Durante o evento, que acontecer\u00e1 de 8 a 10 de junho, ser\u00e3o realizadas atividades ao longo da rota.<\/p>\n\n\n\n<p>Os valores para participa\u00e7\u00e3o ainda est\u00e3o sendo definidos, assim como o limite de participantes, que foi estabelecido em 25 pessoas. Foi informado que a data limite de inscri\u00e7\u00e3o para o evento \u00e9 30 de abril, e o pagamento deve ser realizado at\u00e9 o dia 15 de maio.<\/p>\n\n\n\n<p>Os organizadores tamb\u00e9m mencionaram que ser\u00e1 providenciado transporte at\u00e9 a Comporta, assim como a alimenta\u00e7\u00e3o para os tr\u00eas dias da &#8220;Rota Vicentina&#8221;. Al\u00e9m disso, foram discutidas as op\u00e7\u00f5es de hospedagem e o transporte de retorno.<\/p>\n\n\n\n<p>Mais informa\u00e7\u00f5es sobre o evento ser\u00e3o divulgadas assim que estiverem dispon\u00edveis.<\/p>\n<\/div><\/div>\n\n\n\n<hr class=\"wp-block-separator alignfull has-alpha-channel-opacity\"\/>\n\n\n\n<h3 class=\"wp-block-heading has-text-align-center\"><img loading=\"lazy\" decoding=\"async\" height=\"16\" width=\"16\" src=\"https:\/\/static.xx.fbcdn.net\/images\/emoji.php\/v9\/t6c\/1\/16\/1f499.png\" alt=\"\ud83d\udc99\"> <mark style=\"background-color:rgba(0, 0, 0, 0);color:#90d7ed\" class=\"has-inline-color\">ROTA VICENTINA 2023<\/mark> <img loading=\"lazy\" decoding=\"async\" height=\"16\" width=\"16\" src=\"https:\/\/static.xx.fbcdn.net\/images\/emoji.php\/v9\/t6c\/1\/16\/1f499.png\" alt=\"\ud83d\udc99\"><\/h3>\n\n\n\n<h5 class=\"wp-block-heading has-text-align-center\"><mark style=\"background-color:rgba(0, 0, 0, 0);color:#90d7ed\" class=\"has-inline-color\">*AGRADECIMENTOS*<\/mark><\/h5>\n\n\n\n<h5>Em nome da Associa\u00e7\u00e3o Bestteam Aventura, queremos agradecer a todas as entidades que nos apoiaram, pois sem esse apoio este evento n\u00e3o seria poss\u00edvel:\n<ul>\n  <li>Munic\u00edpio de Loures;<\/li>\n  <li>Presidente Ricardo Le\u00e3o e Vereadora Paula Magalh\u00e3es;<\/li>\n  <li>#TransportadoraCentral;<\/li>\n <li>Junta de Freguesia de Vila Nova de Milfontes e ao Sr. Francisco Jos\u00e9;<\/li>\n  <li>Bombeiros Volunt\u00e1rios de Aljezur ;<\/li>\n  <li>Presidente da c\u00e2mara da Vila do bispo Sra. Rute Silva e ao Sr. Santana;<\/li>\n <li>#Multihora;<\/li>\n  <li>Overwan;<\/li>\n<\/ul>\n<\/h5>\n\n\n\n<h5>Estes eventos s\u00f3 s\u00e3o realizados com sucesso devido ao companheirismo e uni\u00e3o que existe no grupo e excecionalmente ao nosso STAFF que nos acompanha para que n\u00f3s ciclistas possamos desfrutar deste magn\u00edfico passeio com magnificas paisagens que vamos encontrando no nosso percurso.<\/h5>\n\n\n\n<h5>Este evento em particular foi ESPETACULAR, apesar de muitos de n\u00f3s j\u00e1 o termos feito, este foi o 1\u00b0 evento realizado pela atual dire\u00e7\u00e3o e com muito orgulho podemos dizer que correu 5*****.<\/h5>\n\n\n\n<h5>Obrigado e muitos parab\u00e9ns aos s\u00f3cios participantes, principalmente aos novatos que fizeram este passeio pela  1\u00b0 vez.<\/h5>\n<h5>Esperamos que todos tenham gostado e que voltem a repetir.<\/h5>\n\n\n\n<h3 class=\"wp-block-heading has-text-align-center\"><img loading=\"lazy\" decoding=\"async\" height=\"16\" width=\"16\" src=\"https:\/\/static.xx.fbcdn.net\/images\/emoji.php\/v9\/t6c\/1\/16\/1f499.png\" alt=\"\ud83d\udc99\"> <mark style=\"background-color:rgba(0, 0, 0, 0);color:#90d7ed\" class=\"has-inline-color\">OBRIGADO <\/mark><img loading=\"lazy\" decoding=\"async\" height=\"16\" width=\"16\" src=\"https:\/\/static.xx.fbcdn.net\/images\/emoji.php\/v9\/t6c\/1\/16\/1f499.png\" alt=\"\ud83d\udc99\"><\/h3>\n\n\n<div class=\"wp-block-image\">\n<figure class=\"aligncenter size-full\"><img loading=\"lazy\" decoding=\"async\" width=\"958\" height=\"540\" src=\"https:\/\/bestteam.pt\/wp-content\/uploads\/2023\/06\/not1.jpg\" alt=\"\" class=\"wp-image-566\" srcset=\"https:\/\/bestteam.pt\/wp-content\/uploads\/2023\/06\/not1.jpg 958w, https:\/\/bestteam.pt\/wp-content\/uploads\/2023\/06\/not1-300x169.jpg 300w, https:\/\/bestteam.pt\/wp-content\/uploads\/2023\/06\/not1-768x433.jpg 768w\" sizes=\"auto, (max-width: 958px) 100vw, 958px\" \/><\/figure>\n<\/div>\n\n\n<figure class=\"wp-block-gallery has-nested-images columns-default is-cropped wp-block-gallery-1 is-layout-flex wp-block-gallery-is-layout-flex\">\n<figure class=\"wp-block-image alignfull size-large\"><img loading=\"lazy\" decoding=\"async\" width=\"1024\" height=\"578\" data-id=\"573\" src=\"https:\/\/bestteam.pt\/wp-content\/uploads\/2023\/06\/gal1-1024x578.jpg\" alt=\"\" class=\"wp-image-573\" srcset=\"https:\/\/bestteam.pt\/wp-content\/uploads\/2023\/06\/gal1-1024x578.jpg 1024w, https:\/\/bestteam.pt\/wp-content\/uploads\/2023\/06\/gal1-300x169.jpg 300w, https:\/\/bestteam.pt\/wp-content\/uploads\/2023\/06\/gal1-768x433.jpg 768w, https:\/\/bestteam.pt\/wp-content\/uploads\/2023\/06\/gal1-1536x866.jpg 1536w, https:\/\/bestteam.pt\/wp-content\/uploads\/2023\/06\/gal1.jpg 2048w\" sizes=\"auto, (max-width: 1024px) 100vw, 1024px\" \/><\/figure>\n\n\n\n<figure class=\"wp-block-image size-large\"><img loading=\"lazy\" decoding=\"async\" width=\"1024\" height=\"577\" data-id=\"572\" src=\"https:\/\/bestteam.pt\/wp-content\/uploads\/2023\/06\/gal-1024x577.jpg\" alt=\"\" class=\"wp-image-572\" srcset=\"https:\/\/bestteam.pt\/wp-content\/uploads\/2023\/06\/gal-1024x577.jpg 1024w, https:\/\/bestteam.pt\/wp-content\/uploads\/2023\/06\/gal-300x169.jpg 300w, https:\/\/bestteam.pt\/wp-content\/uploads\/2023\/06\/gal-768x432.jpg 768w, https:\/\/bestteam.pt\/wp-content\/uploads\/2023\/06\/gal-1536x865.jpg 1536w, https:\/\/bestteam.pt\/wp-content\/uploads\/2023\/06\/gal.jpg 2048w\" sizes=\"auto, (max-width: 1024px) 100vw, 1024px\" \/><\/figure>\n\n\n\n<figure class=\"wp-block-image size-large\"><img loading=\"lazy\" decoding=\"async\" width=\"1024\" height=\"577\" data-id=\"576\" src=\"https:\/\/bestteam.pt\/wp-content\/uploads\/2023\/06\/gal2-1024x577.jpg\" alt=\"\" class=\"wp-image-576\" srcset=\"https:\/\/bestteam.pt\/wp-content\/uploads\/2023\/06\/gal2-1024x577.jpg 1024w, https:\/\/bestteam.pt\/wp-content\/uploads\/2023\/06\/gal2-300x169.jpg 300w, https:\/\/bestteam.pt\/wp-content\/uploads\/2023\/06\/gal2-768x432.jpg 768w, https:\/\/bestteam.pt\/wp-content\/uploads\/2023\/06\/gal2-1536x865.jpg 1536w, https:\/\/bestteam.pt\/wp-content\/uploads\/2023\/06\/gal2.jpg 2048w\" sizes=\"auto, (max-width: 1024px) 100vw, 1024px\" \/><\/figure>\n<\/figure>\n\n\n\n<center><iframe loading=\"lazy\" src=\"https:\/\/www.facebook.com\/plugins\/video.php?height=317&#038;href=https%3A%2F%2Fwww.facebook.com%2FBestteamAventura%2Fvideos%2F1573200893205300%2F&#038;show_text=false&#038;width=560&#038;t=0\" width=\"560\" height=\"317\" style=\"border:none;overflow:hidden\" scrolling=\"no\" frameborder=\"0\" allowfullscreen=\"true\" allow=\"autoplay; clipboard-write; encrypted-media; picture-in-picture; web-share\" allowFullScreen=\"true\"><\/iframe><\/center>\n\n\n\n<p>8 a 10 Junho 2023 | Desporto, Evento<\/p>\n\n\n\n<hr class=\"wp-block-separator alignfull has-alpha-channel-opacity\"\/>\n\n\n\n<hr style=\"line-height: 0.1;\">\n<center><a href=\"https:\/\/bestteam.pt\/index.php\/noticia-2\/\">< Previous<\/a><a href=\"https:\/\/bestteam.pt\/index.php\/noticia-1\/\"> Next ><\/a><\/center>\n<hr style=\"line-height: 0.1;\">\n\n<center><a href=\"https:\/\/bestteam.pt\/\"> < Home ><\/a>\n","protected":false},"excerpt":{"rendered":"<p>Rota Vicentina Durante o evento, que acontecer\u00e1 de 8 a 10 de junho, ser\u00e3o realizadas atividades ao longo da rota. Os valores para participa\u00e7\u00e3o ainda&hellip;<\/p>\n","protected":false},"author":1,"featured_media":0,"parent":0,"menu_order":0,"comment_status":"closed","ping_status":"closed","template":"","meta":{"footnotes":""},"class_list":["post-342","page","type-page","status-publish","hentry"],"_links":{"self":[{"href":"https:\/\/bestteam.pt\/index.php\/wp-json\/wp\/v2\/pages\/342","targetHints":{"allow":["GET"]}}],"collection":[{"href":"https:\/\/bestteam.pt\/index.php\/wp-json\/wp\/v2\/pages"}],"about":[{"href":"https:\/\/bestteam.pt\/index.php\/wp-json\/wp\/v2\/types\/page"}],"author":[{"embeddable":true,"href":"https:\/\/bestteam.pt\/index.php\/wp-json\/wp\/v2\/users\/1"}],"replies":[{"embeddable":true,"href":"https:\/\/bestteam.pt\/index.php\/wp-json\/wp\/v2\/comments?post=342"}],"version-history":[{"count":18,"href":"https:\/\/bestteam.pt\/index.php\/wp-json\/wp\/v2\/pages\/342\/revisions"}],"predecessor-version":[{"id":584,"href":"https:\/\/bestteam.pt\/index.php\/wp-json\/wp\/v2\/pages\/342\/revisions\/584"}],"wp:attachment":[{"href":"https:\/\/bestteam.pt\/index.php\/wp-json\/wp\/v2\/media?parent=342"}],"curies":[{"name":"wp","href":"https:\/\/api.w.org\/{rel}","templated":true}]}}